{"id":2896,"date":"2026-02-18T21:04:53","date_gmt":"2026-02-18T20:04:53","guid":{"rendered":"https:\/\/shantihome-yoga.fr\/?page_id=2896"},"modified":"2026-02-19T16:15:37","modified_gmt":"2026-02-19T15:15:37","slug":"partenaires","status":"publish","type":"page","link":"https:\/\/shantihome-yoga.fr\/index.php\/partenaires\/","title":{"rendered":"Yoga en s\u00e9jours bien-\u00eatre"},"content":{"rendered":"\n<p>J&#8217;interviens de mani\u00e8re r\u00e9guli\u00e8re avec du yoga doux et adapt\u00e9 lors de s\u00e9jours dans des structures partenaires dont les valeurs s&#8217;accordent avec les miennes : Accueil, chaleur, authenticit\u00e9, ajustements personnels, bienveillance, ressourcement.<\/p>\n\n\n\n<h3>Human Tempo<\/h3>\n\n\n\n<p>C\u00e9sures &#8220;Recharge&#8221; et C\u00e9sures &#8220;Respire&#8221;, deux possibilit\u00e9s de s\u00e9journer dans les maisons d&#8217;exceptions Human Tempo \u00e0 Cuisery (71) et dans la Dr\u00f4me, pour des semaines tout compris avec massages, yoga, ateliers bien-\u00eatre et accompagnement.<\/p>\n\n\n\n<p>Les publics de personnes en fatigue g\u00e9n\u00e9ralis\u00e9e, en burn-out, ou en interrogation sur une dynamique de changement trouveront ressourcement profond et accompagnement de qualit\u00e9 dans ces s\u00e9jours.<\/p>\n\n\n\n<p><a href=\"https:\/\/humantempo.com\">Plus d&#8217;infos ici<\/a><\/p>\n\n\n\n<h3>Domaine \u00d4 Saveur de l&#8217;Instant<\/h3>\n\n\n\n<p>S\u00e9jours de ressourcement &#8220;Yoga, Ayurveda et chant de Mantras&#8221; \u00e0 l&#8217;\u00e9colieu \u00d4 Saveurs de l&#8217;Instant \u00e0 Saint Usuge (71)<\/p>\n\n\n\n<p>Une parenth\u00e8se enchant\u00e9e ouverte \u00e0 tous, pour une r\u00e9g\u00e9n\u00e9ration profonde, incluant des soins ayurv\u00e9diques quotidiens, une d\u00e9couverte de la vibration \u00e0 travers les instruments et le chant, des s\u00e9ances de yoga douces et la compr\u00e9hension des principes et routines cl\u00e9s pour une vie harmonieuse selon l&#8217;approche de l&#8217;Ayurveda, syst\u00e8me de sant\u00e9 globale traditionnel de l&#8217;Inde.<\/p>\n\n\n\n<p><a href=\"https:\/\/ecolieu.osaveurdelinstant.fr\/cure-ayurvedique\">Plus d&#8217;infos ici<\/a><\/p>\n\n\n\n<p><\/p>\n","protected":false},"excerpt":{"rendered":"<p>J&#8217;interviens de mani\u00e8re r\u00e9guli\u00e8re avec du yoga doux et adapt\u00e9 lors de s\u00e9jours dans des structures partenaires dont les valeurs s&#8217;accordent avec les miennes : Accueil, chaleur, authenticit\u00e9, ajustements personnels, &#8230;<\/p>\n","protected":false},"author":1,"featured_media":0,"parent":0,"menu_order":0,"comment_status":"closed","ping_status":"closed","template":"","meta":[],"yoast_head":"<!-- This site is optimized with the Yoast SEO plugin v17.3 - https:\/\/yoast.com\/wordpress\/plugins\/seo\/ -->\n<title>Yoga en s\u00e9jours bien-\u00eatre - ShantiHome Yoga<\/title>\n<meta name=\"description\" content=\"s\u00e9ances de yoga dans les c\u00e9sure Human Tempo \u00e0 Cuisery et dans les s\u00e9jours bien \u00eatre &quot;Yoga et Ayurveda&quot; \u00d4 Saveur de l&#039;Instant \u00e0 Saint Usuge\" \/>\n<meta name=\"robots\" content=\"index, follow, max-snippet:-1, max-image-preview:large, max-video-preview:-1\" \/>\n<link rel=\"canonical\" href=\"https:\/\/shantihome-yoga.fr\/index.php\/partenaires\/\" \/>\n<meta property=\"og:locale\" content=\"fr_FR\" \/>\n<meta property=\"og:type\" content=\"article\" \/>\n<meta property=\"og:title\" content=\"Yoga en s\u00e9jours bien-\u00eatre - ShantiHome Yoga\" \/>\n<meta property=\"og:description\" content=\"s\u00e9ances de yoga dans les c\u00e9sure Human Tempo \u00e0 Cuisery et dans les s\u00e9jours bien \u00eatre &quot;Yoga et Ayurveda&quot; \u00d4 Saveur de l&#039;Instant \u00e0 Saint Usuge\" \/>\n<meta property=\"og:url\" content=\"https:\/\/shantihome-yoga.fr\/index.php\/partenaires\/\" \/>\n<meta property=\"og:site_name\" content=\"ShantiHome Yoga\" \/>\n<meta property=\"article:modified_time\" content=\"2026-02-19T15:15:37+00:00\" \/>\n<meta name=\"twitter:card\" content=\"summary_large_image\" \/>\n<meta name=\"twitter:label1\" content=\"Dur\u00e9e de lecture estim\u00e9e\" \/>\n\t<meta name=\"twitter:data1\" content=\"1 minute\" \/>\n<script type=\"application\/ld+json\" class=\"yoast-schema-graph\">{\"@context\":\"https:\/\/schema.org\",\"@graph\":[{\"@type\":\"WebSite\",\"@id\":\"https:\/\/shantihome-yoga.fr\/#website\",\"url\":\"https:\/\/shantihome-yoga.fr\/\",\"name\":\"ShantiHome Yoga\",\"description\":\"Yoga Louhans - Hatha Yoga - Yoga pr\\u00e9natal - Hormone Yoga\",\"potentialAction\":[{\"@type\":\"SearchAction\",\"target\":{\"@type\":\"EntryPoint\",\"urlTemplate\":\"https:\/\/shantihome-yoga.fr\/?s={search_term_string}\"},\"query-input\":\"required name=search_term_string\"}],\"inLanguage\":\"fr-FR\"},{\"@type\":\"WebPage\",\"@id\":\"https:\/\/shantihome-yoga.fr\/index.php\/partenaires\/#webpage\",\"url\":\"https:\/\/shantihome-yoga.fr\/index.php\/partenaires\/\",\"name\":\"Yoga en s\\u00e9jours bien-\\u00eatre - ShantiHome Yoga\",\"isPartOf\":{\"@id\":\"https:\/\/shantihome-yoga.fr\/#website\"},\"datePublished\":\"2026-02-18T20:04:53+00:00\",\"dateModified\":\"2026-02-19T15:15:37+00:00\",\"description\":\"s\\u00e9ances de yoga dans les c\\u00e9sure Human Tempo \\u00e0 Cuisery et dans les s\\u00e9jours bien \\u00eatre \\\"Yoga et Ayurveda\\\" \\u00d4 Saveur de l'Instant \\u00e0 Saint Usuge\",\"breadcrumb\":{\"@id\":\"https:\/\/shantihome-yoga.fr\/index.php\/partenaires\/#breadcrumb\"},\"inLanguage\":\"fr-FR\",\"potentialAction\":[{\"@type\":\"ReadAction\",\"target\":[\"https:\/\/shantihome-yoga.fr\/index.php\/partenaires\/\"]}]},{\"@type\":\"BreadcrumbList\",\"@id\":\"https:\/\/shantihome-yoga.fr\/index.php\/partenaires\/#breadcrumb\",\"itemListElement\":[{\"@type\":\"ListItem\",\"position\":1,\"name\":\"Accueil\",\"item\":\"https:\/\/shantihome-yoga.fr\/\"},{\"@type\":\"ListItem\",\"position\":2,\"name\":\"Yoga en s\\u00e9jours bien-\\u00eatre\"}]}]}<\/script>\n<!-- \/ Yoast SEO plugin. -->","yoast_head_json":{"title":"Yoga en s\u00e9jours bien-\u00eatre - ShantiHome Yoga","description":"s\u00e9ances de yoga dans les c\u00e9sure Human Tempo \u00e0 Cuisery et dans les s\u00e9jours bien \u00eatre \"Yoga et Ayurveda\" \u00d4 Saveur de l'Instant \u00e0 Saint Usuge","robots":{"index":"index","follow":"follow","max-snippet":"max-snippet:-1","max-image-preview":"max-image-preview:large","max-video-preview":"max-video-preview:-1"},"canonical":"https:\/\/shantihome-yoga.fr\/index.php\/partenaires\/","og_locale":"fr_FR","og_type":"article","og_title":"Yoga en s\u00e9jours bien-\u00eatre - ShantiHome Yoga","og_description":"s\u00e9ances de yoga dans les c\u00e9sure Human Tempo \u00e0 Cuisery et dans les s\u00e9jours bien \u00eatre \"Yoga et Ayurveda\" \u00d4 Saveur de l'Instant \u00e0 Saint Usuge","og_url":"https:\/\/shantihome-yoga.fr\/index.php\/partenaires\/","og_site_name":"ShantiHome Yoga","article_modified_time":"2026-02-19T15:15:37+00:00","twitter_card":"summary_large_image","twitter_misc":{"Dur\u00e9e de lecture estim\u00e9e":"1 minute"},"schema":{"@context":"https:\/\/schema.org","@graph":[{"@type":"WebSite","@id":"https:\/\/shantihome-yoga.fr\/#website","url":"https:\/\/shantihome-yoga.fr\/","name":"ShantiHome Yoga","description":"Yoga Louhans - Hatha Yoga - Yoga pr\u00e9natal - Hormone Yoga","potentialAction":[{"@type":"SearchAction","target":{"@type":"EntryPoint","urlTemplate":"https:\/\/shantihome-yoga.fr\/?s={search_term_string}"},"query-input":"required name=search_term_string"}],"inLanguage":"fr-FR"},{"@type":"WebPage","@id":"https:\/\/shantihome-yoga.fr\/index.php\/partenaires\/#webpage","url":"https:\/\/shantihome-yoga.fr\/index.php\/partenaires\/","name":"Yoga en s\u00e9jours bien-\u00eatre - ShantiHome Yoga","isPartOf":{"@id":"https:\/\/shantihome-yoga.fr\/#website"},"datePublished":"2026-02-18T20:04:53+00:00","dateModified":"2026-02-19T15:15:37+00:00","description":"s\u00e9ances de yoga dans les c\u00e9sure Human Tempo \u00e0 Cuisery et dans les s\u00e9jours bien \u00eatre \"Yoga et Ayurveda\" \u00d4 Saveur de l'Instant \u00e0 Saint Usuge","breadcrumb":{"@id":"https:\/\/shantihome-yoga.fr\/index.php\/partenaires\/#breadcrumb"},"inLanguage":"fr-FR","potentialAction":[{"@type":"ReadAction","target":["https:\/\/shantihome-yoga.fr\/index.php\/partenaires\/"]}]},{"@type":"BreadcrumbList","@id":"https:\/\/shantihome-yoga.fr\/index.php\/partenaires\/#breadcrumb","itemListElement":[{"@type":"ListItem","position":1,"name":"Accueil","item":"https:\/\/shantihome-yoga.fr\/"},{"@type":"ListItem","position":2,"name":"Yoga en s\u00e9jours bien-\u00eatre"}]}]}},"_links":{"self":[{"href":"https:\/\/shantihome-yoga.fr\/index.php\/wp-json\/wp\/v2\/pages\/2896"}],"collection":[{"href":"https:\/\/shantihome-yoga.fr\/index.php\/wp-json\/wp\/v2\/pages"}],"about":[{"href":"https:\/\/shantihome-yoga.fr\/index.php\/wp-json\/wp\/v2\/types\/page"}],"author":[{"embeddable":true,"href":"https:\/\/shantihome-yoga.fr\/index.php\/wp-json\/wp\/v2\/users\/1"}],"replies":[{"embeddable":true,"href":"https:\/\/shantihome-yoga.fr\/index.php\/wp-json\/wp\/v2\/comments?post=2896"}],"version-history":[{"count":3,"href":"https:\/\/shantihome-yoga.fr\/index.php\/wp-json\/wp\/v2\/pages\/2896\/revisions"}],"predecessor-version":[{"id":2903,"href":"https:\/\/shantihome-yoga.fr\/index.php\/wp-json\/wp\/v2\/pages\/2896\/revisions\/2903"}],"wp:attachment":[{"href":"https:\/\/shantihome-yoga.fr\/index.php\/wp-json\/wp\/v2\/media?parent=2896"}],"curies":[{"name":"wp","href":"https:\/\/api.w.org\/{rel}","templated":true}]}}