{"id":2,"date":"2021-07-01T15:16:16","date_gmt":"2021-07-01T13:16:16","guid":{"rendered":"http:\/\/shantihome-yoga.fr\/?page_id=2"},"modified":"2024-06-27T00:07:44","modified_gmt":"2024-06-26T22:07:44","slug":"enseignante-professeur-de-yoga","status":"publish","type":"page","link":"https:\/\/shantihome-yoga.fr\/index.php\/yoga\/enseignante-professeur-de-yoga\/","title":{"rendered":"Me conna\u00eetre"},"content":{"rendered":"\n<div class=\"wp-block-image\"><figure class=\"alignright size-full\"><img loading=\"lazy\" width=\"198\" height=\"442\" src=\"https:\/\/shantihome-yoga.fr\/wp-content\/uploads\/2022\/12\/bee8b961-bd82-45fd-93b1-8e80863d84dc-copie-2.jpg\" alt=\"\" class=\"wp-image-2227\" srcset=\"https:\/\/shantihome-yoga.fr\/wp-content\/uploads\/2022\/12\/bee8b961-bd82-45fd-93b1-8e80863d84dc-copie-2.jpg 198w, https:\/\/shantihome-yoga.fr\/wp-content\/uploads\/2022\/12\/bee8b961-bd82-45fd-93b1-8e80863d84dc-copie-2-134x300.jpg 134w\" sizes=\"(max-width: 198px) 100vw, 198px\" \/><\/figure><\/div>\n\n\n\n<p><strong>Enseignante depuis 2013<\/strong>, les&nbsp;d\u00e9buts de mon chemin en yoga remontent \u00e0 2001.&nbsp;<\/p>\n\n\n\n<p>Form\u00e9e et accompagn\u00e9e dans&nbsp;diff\u00e9rentes \u00e9coles&nbsp;ma voie est celle du&nbsp;<strong>Hatha Yoga<\/strong>, voie compl\u00e8te par excellence.&nbsp;J&#8217;ai notamment trouv\u00e9 dans le <strong>Yoga de l&#8217;\u00e9nergie<\/strong>, telle que enseign\u00e9 dans la lign\u00e9e de Roger Clerc, les fondements solides et le sens profond de ma pratique personnelle mais aussi de l&#8217;enseignement du Yoga.<\/p>\n\n\n\n<p>Je continue n\u00e9anmoins \u00e0 explorer des formes sp\u00e9cifiques du Yoga, r\u00e9pondant aux besoins de notre soci\u00e9t\u00e9 moderne&nbsp;:&nbsp;yoga p\u00e9rinatal, yoga pour la femme et yoga th\u00e9rapeutique tel que le yoga hormonal.<\/p>\n\n\n\n<p>Mon exp\u00e9rience du yoga est celle&nbsp;<strong>d\u2019une appropriation progressive des techniques<\/strong>, d\u2019une&nbsp;<strong>adaptation constante et patiente des formes<\/strong>, ainsi que d\u2019une&nbsp;<strong>verbalisation des ressentis<\/strong> pour tendre vers toujours <strong>plus de conscience<\/strong>.<\/p>\n\n\n\n<p>Je privil\u00e9gie un&nbsp;<strong>accompagnement rapproch\u00e9, individuel ou collectif<\/strong>&nbsp;(en petits groupes), mais&nbsp;<strong>toujours personnalis\u00e9<\/strong>, dans le but de permettre \u00e0 chaque \u00e9l\u00e8ve de se d\u00e9couvrir en Yoga et d\u2019en retirer tous les bienfaits.&nbsp;<\/p>\n\n\n\n<p>Mon parcours initial dans l\u2019\u00e9conomie sociale et solidaire puis le d\u00e9veloppement personnel, a \u00e9galement nourri une approche humaniste de la transmission, me donnant les cl\u00e9s d\u2019une \u00e9coute active et d\u2019une communication bienveillante, indispensables \u00e0 l\u2019accompagnement que je propose aujourd\u2019hui.<\/p>\n\n\n\n<p>Je m\u2019inscris enfin dans une d\u00e9marche d\u2019ouverture qui m\u2019am\u00e8ne \u00e0 faire des ponts entre diff\u00e9rentes voies, pour un mode de vie align\u00e9, dans son rapport \u00e0 soi, au vivant et au monde.<\/p>\n\n\n\n<br>\n<br>\n<br>\n\n\n\n<figure class=\"wp-block-image size-thumbnail is-style-rounded\"><img loading=\"lazy\" width=\"150\" height=\"150\" src=\"https:\/\/shantihome-yoga.fr\/wp-content\/uploads\/2023\/09\/0f9c65ac-1981-4902-bdaa-64dff0429fae-150x150.jpg\" alt=\"\" class=\"wp-image-2420\"\/><\/figure>\n\n\n\n<h3>Certification professionnelle pour l&#8217;enseignement du Yoga<\/h3>\n\n\n\n<p>2022-2023 \/ <strong>Formation yoga hormonal GPBALANCE<\/strong> &#8211; Gustavo PONCE (Formation initiale)<\/p>\n\n\n\n<p>2019-2020 \/ <strong>Institut DE GASQUET<\/strong> : <strong>Yoga pr\u00e9natal et post-natal<\/strong> (Formation et supervision)<\/p>\n\n\n\n<p>2015-2020 \/ <strong>EFYL<\/strong> &#8211; <strong>Conservatoire du Yoga de l&#8217;\u00e9nergie &#8211;<\/strong> Boris TATZKY, C\u00e9cile BEAUDIN : <strong>Hatha Yoga<\/strong>  (5 ans &#8211; 700h)<\/p>\n\n\n\n<p>2013-2014 \/ <strong>RYE &#8211; Recherche pour le Yoga dans l&#8217;Education<\/strong> fond\u00e9 par Micheline Flak  : Yoga pour les enfants<\/p>\n\n\n\n<p>2010-2011 \/ <strong>Yoga Vedanta SIVANANDA<\/strong>  : <strong>Hatha Yoga<\/strong> (5 semaines &#8211; 350h)<\/p>\n\n\n\n<br>\n<br>\n\n\n\n<h3>Me contacter<\/h3>\n\n\n\n<p>Marie-Laure Hairie<\/p>\n\n\n\n<p>504 rue des Marronniers, 71500 LOUHANS<\/p>\n\n\n\n<p>06 60 39 07 27<\/p>\n\n\n\n<p><a href=\"mailto:mlhairie@gmail.com\">mlhairie@gmail.com<\/a><\/p>\n","protected":false},"excerpt":{"rendered":"<p>Enseignante depuis 2013, les&nbsp;d\u00e9buts de mon chemin en yoga remontent \u00e0 2001.&nbsp; Form\u00e9e et accompagn\u00e9e dans&nbsp;diff\u00e9rentes \u00e9coles&nbsp;ma voie est celle du&nbsp;Hatha Yoga, voie compl\u00e8te par excellence.&nbsp;J&#8217;ai notamment trouv\u00e9 dans le &#8230;<\/p>\n","protected":false},"author":1,"featured_media":0,"parent":48,"menu_order":0,"comment_status":"closed","ping_status":"open","template":"","meta":[],"yoast_head":"<!-- This site is optimized with the Yoast SEO plugin v17.3 - https:\/\/yoast.com\/wordpress\/plugins\/seo\/ -->\n<title>Me conna\u00eetre - ShantiHome Yoga<\/title>\n<meta name=\"description\" content=\"ENSEIGNANTE PROFESSEUR DE YOGA : Hatha Yoga, yoga pr\u00e9natal, yoga post-natal, r\u00e9\u00e9ducation du diastasis, yoga hormonal. Formation SIVANANDA, Yoga de l&#039;\u00e9nergie, Boris TATSKY, Bernadette de GASQUET, Gustavo PONCE.\" \/>\n<meta name=\"robots\" content=\"index, follow, max-snippet:-1, max-image-preview:large, max-video-preview:-1\" \/>\n<link rel=\"canonical\" href=\"https:\/\/shantihome-yoga.fr\/index.php\/yoga\/enseignante-professeur-de-yoga\/\" \/>\n<meta property=\"og:locale\" content=\"fr_FR\" \/>\n<meta property=\"og:type\" content=\"article\" \/>\n<meta property=\"og:title\" content=\"Me conna\u00eetre - ShantiHome Yoga\" \/>\n<meta property=\"og:description\" content=\"ENSEIGNANTE PROFESSEUR DE YOGA : Hatha Yoga, yoga pr\u00e9natal, yoga post-natal, r\u00e9\u00e9ducation du diastasis, yoga hormonal. Formation SIVANANDA, Yoga de l&#039;\u00e9nergie, Boris TATSKY, Bernadette de GASQUET, Gustavo PONCE.\" \/>\n<meta property=\"og:url\" content=\"https:\/\/shantihome-yoga.fr\/index.php\/yoga\/enseignante-professeur-de-yoga\/\" \/>\n<meta property=\"og:site_name\" content=\"ShantiHome Yoga\" \/>\n<meta property=\"article:modified_time\" content=\"2024-06-26T22:07:44+00:00\" \/>\n<meta property=\"og:image\" content=\"https:\/\/shantihome-yoga.fr\/wp-content\/uploads\/2022\/12\/bee8b961-bd82-45fd-93b1-8e80863d84dc-copie-2.jpg\" \/>\n<meta name=\"twitter:card\" content=\"summary_large_image\" \/>\n<meta name=\"twitter:label1\" content=\"Dur\u00e9e de lecture estim\u00e9e\" \/>\n\t<meta name=\"twitter:data1\" content=\"2 minutes\" \/>\n<script type=\"application\/ld+json\" class=\"yoast-schema-graph\">{\"@context\":\"https:\/\/schema.org\",\"@graph\":[{\"@type\":\"WebSite\",\"@id\":\"https:\/\/shantihome-yoga.fr\/#website\",\"url\":\"https:\/\/shantihome-yoga.fr\/\",\"name\":\"ShantiHome Yoga\",\"description\":\"Yoga Louhans - Hatha Yoga - Yoga pr\\u00e9natal - Hormone Yoga\",\"potentialAction\":[{\"@type\":\"SearchAction\",\"target\":{\"@type\":\"EntryPoint\",\"urlTemplate\":\"https:\/\/shantihome-yoga.fr\/?s={search_term_string}\"},\"query-input\":\"required name=search_term_string\"}],\"inLanguage\":\"fr-FR\"},{\"@type\":\"ImageObject\",\"@id\":\"https:\/\/shantihome-yoga.fr\/index.php\/yoga\/enseignante-professeur-de-yoga\/#primaryimage\",\"inLanguage\":\"fr-FR\",\"url\":\"https:\/\/shantihome-yoga.fr\/wp-content\/uploads\/2022\/12\/bee8b961-bd82-45fd-93b1-8e80863d84dc-copie-2.jpg\",\"contentUrl\":\"https:\/\/shantihome-yoga.fr\/wp-content\/uploads\/2022\/12\/bee8b961-bd82-45fd-93b1-8e80863d84dc-copie-2.jpg\",\"width\":198,\"height\":442},{\"@type\":\"WebPage\",\"@id\":\"https:\/\/shantihome-yoga.fr\/index.php\/yoga\/enseignante-professeur-de-yoga\/#webpage\",\"url\":\"https:\/\/shantihome-yoga.fr\/index.php\/yoga\/enseignante-professeur-de-yoga\/\",\"name\":\"Me conna\\u00eetre - ShantiHome Yoga\",\"isPartOf\":{\"@id\":\"https:\/\/shantihome-yoga.fr\/#website\"},\"primaryImageOfPage\":{\"@id\":\"https:\/\/shantihome-yoga.fr\/index.php\/yoga\/enseignante-professeur-de-yoga\/#primaryimage\"},\"datePublished\":\"2021-07-01T13:16:16+00:00\",\"dateModified\":\"2024-06-26T22:07:44+00:00\",\"description\":\"ENSEIGNANTE PROFESSEUR DE YOGA : Hatha Yoga, yoga pr\\u00e9natal, yoga post-natal, r\\u00e9\\u00e9ducation du diastasis, yoga hormonal. Formation SIVANANDA, Yoga de l'\\u00e9nergie, Boris TATSKY, Bernadette de GASQUET, Gustavo PONCE.\",\"breadcrumb\":{\"@id\":\"https:\/\/shantihome-yoga.fr\/index.php\/yoga\/enseignante-professeur-de-yoga\/#breadcrumb\"},\"inLanguage\":\"fr-FR\",\"potentialAction\":[{\"@type\":\"ReadAction\",\"target\":[\"https:\/\/shantihome-yoga.fr\/index.php\/yoga\/enseignante-professeur-de-yoga\/\"]}]},{\"@type\":\"BreadcrumbList\",\"@id\":\"https:\/\/shantihome-yoga.fr\/index.php\/yoga\/enseignante-professeur-de-yoga\/#breadcrumb\",\"itemListElement\":[{\"@type\":\"ListItem\",\"position\":1,\"name\":\"Accueil\",\"item\":\"https:\/\/shantihome-yoga.fr\/\"},{\"@type\":\"ListItem\",\"position\":2,\"name\":\"Pourquoi le Yoga ?\",\"item\":\"https:\/\/shantihome-yoga.fr\/index.php\/yoga\/\"},{\"@type\":\"ListItem\",\"position\":3,\"name\":\"Me conna\\u00eetre\"}]}]}<\/script>\n<!-- \/ Yoast SEO plugin. -->","yoast_head_json":{"title":"Me conna\u00eetre - ShantiHome Yoga","description":"ENSEIGNANTE PROFESSEUR DE YOGA : Hatha Yoga, yoga pr\u00e9natal, yoga post-natal, r\u00e9\u00e9ducation du diastasis, yoga hormonal. Formation SIVANANDA, Yoga de l'\u00e9nergie, Boris TATSKY, Bernadette de GASQUET, Gustavo PONCE.","robots":{"index":"index","follow":"follow","max-snippet":"max-snippet:-1","max-image-preview":"max-image-preview:large","max-video-preview":"max-video-preview:-1"},"canonical":"https:\/\/shantihome-yoga.fr\/index.php\/yoga\/enseignante-professeur-de-yoga\/","og_locale":"fr_FR","og_type":"article","og_title":"Me conna\u00eetre - ShantiHome Yoga","og_description":"ENSEIGNANTE PROFESSEUR DE YOGA : Hatha Yoga, yoga pr\u00e9natal, yoga post-natal, r\u00e9\u00e9ducation du diastasis, yoga hormonal. Formation SIVANANDA, Yoga de l'\u00e9nergie, Boris TATSKY, Bernadette de GASQUET, Gustavo PONCE.","og_url":"https:\/\/shantihome-yoga.fr\/index.php\/yoga\/enseignante-professeur-de-yoga\/","og_site_name":"ShantiHome Yoga","article_modified_time":"2024-06-26T22:07:44+00:00","og_image":[{"url":"https:\/\/shantihome-yoga.fr\/wp-content\/uploads\/2022\/12\/bee8b961-bd82-45fd-93b1-8e80863d84dc-copie-2.jpg"}],"twitter_card":"summary_large_image","twitter_misc":{"Dur\u00e9e de lecture estim\u00e9e":"2 minutes"},"schema":{"@context":"https:\/\/schema.org","@graph":[{"@type":"WebSite","@id":"https:\/\/shantihome-yoga.fr\/#website","url":"https:\/\/shantihome-yoga.fr\/","name":"ShantiHome Yoga","description":"Yoga Louhans - Hatha Yoga - Yoga pr\u00e9natal - Hormone Yoga","potentialAction":[{"@type":"SearchAction","target":{"@type":"EntryPoint","urlTemplate":"https:\/\/shantihome-yoga.fr\/?s={search_term_string}"},"query-input":"required name=search_term_string"}],"inLanguage":"fr-FR"},{"@type":"ImageObject","@id":"https:\/\/shantihome-yoga.fr\/index.php\/yoga\/enseignante-professeur-de-yoga\/#primaryimage","inLanguage":"fr-FR","url":"https:\/\/shantihome-yoga.fr\/wp-content\/uploads\/2022\/12\/bee8b961-bd82-45fd-93b1-8e80863d84dc-copie-2.jpg","contentUrl":"https:\/\/shantihome-yoga.fr\/wp-content\/uploads\/2022\/12\/bee8b961-bd82-45fd-93b1-8e80863d84dc-copie-2.jpg","width":198,"height":442},{"@type":"WebPage","@id":"https:\/\/shantihome-yoga.fr\/index.php\/yoga\/enseignante-professeur-de-yoga\/#webpage","url":"https:\/\/shantihome-yoga.fr\/index.php\/yoga\/enseignante-professeur-de-yoga\/","name":"Me conna\u00eetre - ShantiHome Yoga","isPartOf":{"@id":"https:\/\/shantihome-yoga.fr\/#website"},"primaryImageOfPage":{"@id":"https:\/\/shantihome-yoga.fr\/index.php\/yoga\/enseignante-professeur-de-yoga\/#primaryimage"},"datePublished":"2021-07-01T13:16:16+00:00","dateModified":"2024-06-26T22:07:44+00:00","description":"ENSEIGNANTE PROFESSEUR DE YOGA : Hatha Yoga, yoga pr\u00e9natal, yoga post-natal, r\u00e9\u00e9ducation du diastasis, yoga hormonal. Formation SIVANANDA, Yoga de l'\u00e9nergie, Boris TATSKY, Bernadette de GASQUET, Gustavo PONCE.","breadcrumb":{"@id":"https:\/\/shantihome-yoga.fr\/index.php\/yoga\/enseignante-professeur-de-yoga\/#breadcrumb"},"inLanguage":"fr-FR","potentialAction":[{"@type":"ReadAction","target":["https:\/\/shantihome-yoga.fr\/index.php\/yoga\/enseignante-professeur-de-yoga\/"]}]},{"@type":"BreadcrumbList","@id":"https:\/\/shantihome-yoga.fr\/index.php\/yoga\/enseignante-professeur-de-yoga\/#breadcrumb","itemListElement":[{"@type":"ListItem","position":1,"name":"Accueil","item":"https:\/\/shantihome-yoga.fr\/"},{"@type":"ListItem","position":2,"name":"Pourquoi le Yoga ?","item":"https:\/\/shantihome-yoga.fr\/index.php\/yoga\/"},{"@type":"ListItem","position":3,"name":"Me conna\u00eetre"}]}]}},"_links":{"self":[{"href":"https:\/\/shantihome-yoga.fr\/index.php\/wp-json\/wp\/v2\/pages\/2"}],"collection":[{"href":"https:\/\/shantihome-yoga.fr\/index.php\/wp-json\/wp\/v2\/pages"}],"about":[{"href":"https:\/\/shantihome-yoga.fr\/index.php\/wp-json\/wp\/v2\/types\/page"}],"author":[{"embeddable":true,"href":"https:\/\/shantihome-yoga.fr\/index.php\/wp-json\/wp\/v2\/users\/1"}],"replies":[{"embeddable":true,"href":"https:\/\/shantihome-yoga.fr\/index.php\/wp-json\/wp\/v2\/comments?post=2"}],"version-history":[{"count":25,"href":"https:\/\/shantihome-yoga.fr\/index.php\/wp-json\/wp\/v2\/pages\/2\/revisions"}],"predecessor-version":[{"id":2668,"href":"https:\/\/shantihome-yoga.fr\/index.php\/wp-json\/wp\/v2\/pages\/2\/revisions\/2668"}],"up":[{"embeddable":true,"href":"https:\/\/shantihome-yoga.fr\/index.php\/wp-json\/wp\/v2\/pages\/48"}],"wp:attachment":[{"href":"https:\/\/shantihome-yoga.fr\/index.php\/wp-json\/wp\/v2\/media?parent=2"}],"curies":[{"name":"wp","href":"https:\/\/api.w.org\/{rel}","templated":true}]}}